{"id":512,"date":"2026-04-16T17:10:09","date_gmt":"2026-04-16T17:10:09","guid":{"rendered":"https:\/\/nolimitstudio.art\/?page_id=512"},"modified":"2026-04-27T17:39:51","modified_gmt":"2026-04-27T17:39:51","slug":"creative-party","status":"publish","type":"page","link":"https:\/\/nolimitstudio.art\/pl\/creative-party\/","title":{"rendered":"KREATYWNE PRZYJ\u0118CIA"},"content":{"rendered":"<p>Mo\u017cesz zarezerwowa\u0107 No Limits Studio na spotkanie towarzyskie lub przyj\u0119cie urodzinowe. Napoje, domowe ciasto i kanapki mo\u017cna zam\u00f3wi\u0107 indywidualnie, zgodnie z Pa\u0144stwa potrzebami i preferencjami. Rezerwacji mo\u017cna dokona\u0107 \u0142atwo, korzystaj\u0105c z kalendarza online. Ze wzgl\u0119du na wielko\u015b\u0107 pomieszczenia, rezerwacje s\u0105 ograniczone do maksymalnie 14 os\u00f3b, wliczaj\u0105c dzieci i doros\u0142ych. Koszt wynaj\u0119cia ca\u0142ego\u00a0<\/p>\n\n\n\n<p>No Limits Studio kosztuje $150 za pierwsz\u0105 godzin\u0119. Ka\u017cda kolejna rozpocz\u0119ta godzina to $60.<\/p>\n\n\n\n<p>Cena obejmuje:&nbsp;&nbsp;<br>\u2022 kawa, herbata i woda&nbsp;<br>\u2022 materia\u0142y malarskie&nbsp;&nbsp;<br>\u2022 fartuchy ochronne<\/p>\n\n\n\n<p>Mog\u0105 Pa\u0144stwo r\u00f3wnie\u017c przynie\u015b\u0107 w\u0142asne jedzenie i dodatkowe napoje. Z przyjemno\u015bci\u0105 zorganizujemy r\u00f3wnie\u017c wysokiej jako\u015bci torty i catering za po\u015brednictwem naszych zaufanych partner\u00f3w. Menu ustalane jest indywidualnie z wyprzedzeniem \u2013 je\u015bli s\u0105 Pa\u0144stwo zainteresowani, prosimy o informacj\u0119 w notatkach przy rezerwacji, a prze\u015blemy przyk\u0142adow\u0105 ofert\u0119. Prosimy pami\u0119ta\u0107, \u017ce podczas malowania ubrania mog\u0105 si\u0119 pobrudzi\u0107. U\u017cywamy nietoksycznych farb na bazie wody.<\/p>","protected":false},"excerpt":{"rendered":"<p>You can book No Limits Studio\u00a0for a social gathering or a birthday\u00a0party.Refreshments\u00a0such as drinks, homemade cake, and sandwiches can be arranged individually to suit your needs and\u00a0preferences.You\u00a0can easily make a reservation by using the online calendar. Due to the size of the space, reservations are limited to a maximum of 14 people, including both children [&hellip;]<\/p>\n","protected":false},"author":1,"featured_media":0,"parent":0,"menu_order":0,"comment_status":"closed","ping_status":"closed","template":"","meta":{"_kadence_starter_templates_imported_post":false,"footnotes":""},"class_list":["post-512","page","type-page","status-publish","hentry"],"_hostinger_reach_plugin_has_subscription_block":false,"_hostinger_reach_plugin_is_elementor":false,"_links":{"self":[{"href":"https:\/\/nolimitstudio.art\/pl\/wp-json\/wp\/v2\/pages\/512","targetHints":{"allow":["GET"]}}],"collection":[{"href":"https:\/\/nolimitstudio.art\/pl\/wp-json\/wp\/v2\/pages"}],"about":[{"href":"https:\/\/nolimitstudio.art\/pl\/wp-json\/wp\/v2\/types\/page"}],"author":[{"embeddable":true,"href":"https:\/\/nolimitstudio.art\/pl\/wp-json\/wp\/v2\/users\/1"}],"replies":[{"embeddable":true,"href":"https:\/\/nolimitstudio.art\/pl\/wp-json\/wp\/v2\/comments?post=512"}],"version-history":[{"count":2,"href":"https:\/\/nolimitstudio.art\/pl\/wp-json\/wp\/v2\/pages\/512\/revisions"}],"predecessor-version":[{"id":621,"href":"https:\/\/nolimitstudio.art\/pl\/wp-json\/wp\/v2\/pages\/512\/revisions\/621"}],"wp:attachment":[{"href":"https:\/\/nolimitstudio.art\/pl\/wp-json\/wp\/v2\/media?parent=512"}],"curies":[{"name":"wp","href":"https:\/\/api.w.org\/{rel}","templated":true}]}}