{"id":510,"date":"2026-04-16T17:09:02","date_gmt":"2026-04-16T17:09:02","guid":{"rendered":"https:\/\/nolimitstudio.art\/?page_id=510"},"modified":"2026-04-27T17:39:05","modified_gmt":"2026-04-27T17:39:05","slug":"coffee-colors","status":"publish","type":"page","link":"https:\/\/nolimitstudio.art\/pl\/coffee-colors\/","title":{"rendered":"KAWA I KOLORY"},"content":{"rendered":"<p><strong>W No Limits Studio<\/strong>, to nie tylko kwestia kreatywno\u015bci dzieci \u2013 to tak\u017ce Wasza satysfakcja i mi\u0142a, przyjazna atmosfera. To miejsce, gdzie mo\u017cna spotka\u0107 si\u0119 z przyjaci\u00f3\u0142mi, porozmawia\u0107 i po prostu mi\u0142o sp\u0119dzi\u0107 czas.<\/p>\n\n\n\n<p>While your child dives into a world of colors and creative expression, you can sit back, relax, and enjoy the moment \u2014 sipping delicious coffee and eating cake.<\/p>\n\n\n\n<p>To idealne miejsce, aby po\u0142\u0105czy\u0107 rozw\u00f3j dziecka z chwil\u0105 dla siebie \u2014 rozmow\u0105, relaksem i ciep\u0142\u0105, przyjazn\u0105 atmosfer\u0105.\nNo Limits Studio \u2014 gdzie kreatywno\u015b\u0107 spotyka si\u0119 z komfortem i rado\u015bci\u0105 wsp\u00f3lnego sp\u0119dzania czasu. Zarezerwuj termin za pomoc\u0105 kalendarza online.<\/p>\n\n\n\n<p>Rezerwacja obejmuje stanowisko malarskie, ale mo\u017cesz przyj\u015b\u0107 z przyjacielem i usi\u0105\u015b\u0107 razem \u2013 nie ma potrzeby dokonywania dodatkowej rezerwacji dla niego\/niej.<\/p>","protected":false},"excerpt":{"rendered":"<p>At No Limits Studio, it\u2019s not just about children\u2019s creativity \u2014 it\u2019s also about your satisfaction and a pleasant, friendly atmosphere. It\u2019s a place where you can meet with friends, talk, and simply enjoy spending time together. While your child dives into a world of colors and creative expression, you can sit back, relax, and [&hellip;]<\/p>\n","protected":false},"author":1,"featured_media":0,"parent":0,"menu_order":0,"comment_status":"closed","ping_status":"closed","template":"","meta":{"_kadence_starter_templates_imported_post":false,"footnotes":""},"class_list":["post-510","page","type-page","status-publish","hentry"],"_hostinger_reach_plugin_has_subscription_block":false,"_hostinger_reach_plugin_is_elementor":false,"_links":{"self":[{"href":"https:\/\/nolimitstudio.art\/pl\/wp-json\/wp\/v2\/pages\/510","targetHints":{"allow":["GET"]}}],"collection":[{"href":"https:\/\/nolimitstudio.art\/pl\/wp-json\/wp\/v2\/pages"}],"about":[{"href":"https:\/\/nolimitstudio.art\/pl\/wp-json\/wp\/v2\/types\/page"}],"author":[{"embeddable":true,"href":"https:\/\/nolimitstudio.art\/pl\/wp-json\/wp\/v2\/users\/1"}],"replies":[{"embeddable":true,"href":"https:\/\/nolimitstudio.art\/pl\/wp-json\/wp\/v2\/comments?post=510"}],"version-history":[{"count":3,"href":"https:\/\/nolimitstudio.art\/pl\/wp-json\/wp\/v2\/pages\/510\/revisions"}],"predecessor-version":[{"id":620,"href":"https:\/\/nolimitstudio.art\/pl\/wp-json\/wp\/v2\/pages\/510\/revisions\/620"}],"wp:attachment":[{"href":"https:\/\/nolimitstudio.art\/pl\/wp-json\/wp\/v2\/media?parent=510"}],"curies":[{"name":"wp","href":"https:\/\/api.w.org\/{rel}","templated":true}]}}