{"id":508,"date":"2026-04-16T17:07:52","date_gmt":"2026-04-16T17:07:52","guid":{"rendered":"https:\/\/nolimitstudio.art\/?page_id=508"},"modified":"2026-04-16T17:07:52","modified_gmt":"2026-04-16T17:07:52","slug":"paint-freely","status":"publish","type":"page","link":"https:\/\/nolimitstudio.art\/pl\/paint-freely\/","title":{"rendered":"MALUJ SWOBODNIE"},"content":{"rendered":"<p>Bez p\u0119dzli\u2026 W No Limits Studio wierzymy, \u017ce prawdziwa kreatywno\u015b\u0107 zaczyna si\u0119 tam, gdzie ko\u0144cz\u0105 si\u0119 wzory i zasady. Dlatego zapraszamy dzieci na wyj\u0105tkowe do\u015bwiadczenie malarskie\u2026 bez p\u0119dzli!<\/p>\n\n\n\n<p>Tutaj licz\u0105 si\u0119 d\u0142onie, emocje i dynamiczna energia tw\u00f3rczego dzia\u0142ania. Dzieci maluj\u0105 palcami na du\u017cych p\u0142\u00f3tnach zamontowanych na \u015bcianie, co pozwala im na swobodne poruszanie si\u0119, eksperymentowanie i wyra\u017canie siebie ca\u0142ym cia\u0142em. To nie tylko zabawa \u2013 to przestrze\u0144, w kt\u00f3rej nie ma \u017cadnych ogranicze\u0144. Taka forma kreatywno\u015bci wspiera naturalny rozw\u00f3j dziecka \u2013 zar\u00f3wno manualny, jak i emocjonalny. Poprzez dotyk, kolory i ruch dzieci ucz\u0105 si\u0119 odwagi w wyra\u017caniu siebie, buduj\u0105c pewno\u015b\u0107 siebie. Nasze zaj\u0119cia silnie pobudzaj\u0105 r\u00f3wnie\u017c wyobra\u017ani\u0119. Nie ma tu jednej \u201cw\u0142a\u015bciwej\u201d drogi malowania \u2013 ka\u017cde dziecko tworzy sw\u00f3j w\u0142asny \u015bwiat, swoj\u0105 opowie\u015b\u0107 i swoje dzie\u0142o. Zapraszamy rodzic\u00f3w z dzie\u0107mi do miejsca, gdzie sztuka staje si\u0119 przygod\u0105, a kreatywno\u015b\u0107 nie zna granic. B\u0119dzie te\u017c kawa Lavazza i pyszne domowe ciasto.\nNo Limits Studio \u2013 tu zaczyna si\u0119 prawdziwa wolno\u015b\u0107 tw\u00f3rcza. Mo\u017cesz sprawdzi\u0107 harmonogram i dokona\u0107 rezerwacji.<\/p>","protected":false},"excerpt":{"rendered":"<p>Without brushes\u2026 At No Limits Studio, we believe that true creativity begins where patterns and rules end. That\u2019s why we invite children to a unique painting experience\u2026 without brushes! Here, what matters are hands, emotions, and the dynamic energy of creative action. Children paint with their fingers on large canvases mounted on the wall, allowing [&hellip;]<\/p>\n","protected":false},"author":1,"featured_media":0,"parent":0,"menu_order":0,"comment_status":"closed","ping_status":"closed","template":"","meta":{"_kadence_starter_templates_imported_post":false,"footnotes":""},"class_list":["post-508","page","type-page","status-publish","hentry"],"_hostinger_reach_plugin_has_subscription_block":false,"_hostinger_reach_plugin_is_elementor":false,"_links":{"self":[{"href":"https:\/\/nolimitstudio.art\/pl\/wp-json\/wp\/v2\/pages\/508","targetHints":{"allow":["GET"]}}],"collection":[{"href":"https:\/\/nolimitstudio.art\/pl\/wp-json\/wp\/v2\/pages"}],"about":[{"href":"https:\/\/nolimitstudio.art\/pl\/wp-json\/wp\/v2\/types\/page"}],"author":[{"embeddable":true,"href":"https:\/\/nolimitstudio.art\/pl\/wp-json\/wp\/v2\/users\/1"}],"replies":[{"embeddable":true,"href":"https:\/\/nolimitstudio.art\/pl\/wp-json\/wp\/v2\/comments?post=508"}],"version-history":[{"count":1,"href":"https:\/\/nolimitstudio.art\/pl\/wp-json\/wp\/v2\/pages\/508\/revisions"}],"predecessor-version":[{"id":509,"href":"https:\/\/nolimitstudio.art\/pl\/wp-json\/wp\/v2\/pages\/508\/revisions\/509"}],"wp:attachment":[{"href":"https:\/\/nolimitstudio.art\/pl\/wp-json\/wp\/v2\/media?parent=508"}],"curies":[{"name":"wp","href":"https:\/\/api.w.org\/{rel}","templated":true}]}}