{"id":375,"date":"2026-04-11T16:55:22","date_gmt":"2026-04-11T16:55:22","guid":{"rendered":"https:\/\/nolimitstudio.art\/?page_id=375"},"modified":"2026-04-27T17:41:48","modified_gmt":"2026-04-27T17:41:48","slug":"art-of-helping","status":"publish","type":"page","link":"https:\/\/nolimitstudio.art\/pl\/art-of-helping\/","title":{"rendered":"SZTUKA POMAGANIA"},"content":{"rendered":"\n<style>\n.story {\n    margin: 0 auto;\n    font-family: inherit;\n    font-size: 16px;\n    line-height: 1.85;\n    color: inherit;\n}\n\n\/* tekst *\/\n.story p {\n    margin: 0 0 12px 0;\n    text-align: justify;\n}\n\n\/* obrazki *\/\n.img-left,\n.img-right {\n    width: 340px;\n    height: 230px;\n    object-fit: cover;\n    display: block;\n    cursor: pointer;\n}\n\n\/* LEWO *\/\n.img-left {\n    float: left;\n    margin: 4px 12px 8px 0; \/* mniejszy odst\u0119p \u017ceby nie robi\u0107 dziur *\/\n}\n\n\/* PRAWO *\/\n.img-right {\n    float: right;\n    margin: 4px 0 8px 12px;\n}\n\n\/* clear float *\/\n.story::after {\n    content: \"\";\n    display: block;\n    clear: both;\n}\n\n\/* =========================\n   LIGHTBOX (jak modal feel)\n========================= *\/\n.lightbox {\n    position: fixed;\n    inset: 0;\n    background: #ffffffe0;\n    display: none;\n    align-items: center;\n    justify-content: center;\n    z-index: 99999;\n}\n\n.lightbox img {\n    max-width: 85%;\n    max-height: 85%;\n    object-fit: contain;\n}\n\n\/* controls *\/\n.lb-prev,\n.lb-next,\n.lb-close {\n    position: absolute;\n    font-size: 40px;\n    color: #0b1f3a;\n    cursor: pointer;\n    user-select: none;\n    opacity: 0.7;\n}\n\n.lb-prev { left: 20px; top: 50%; transform: translateY(-50%); }\n.lb-next { right: 20px; top: 50%; transform: translateY(-50%); }\n.lb-close { top: 15px; right: 25px; font-size: 50px; }\n\n.lb-prev:hover,\n.lb-next:hover,\n.lb-close:hover {\n    opacity: 1;\n}\n\n\/* mobile *\/\n@media (max-width: 768px) {\n    .img-left,\n    .img-right {\n        float: none;\n        width: 100%;\n        height: auto;\n        margin: 14px 0;\n    }\n}\n<\/style>\n\n<div class=\"story\">\n\n<p><strong>A true story.<\/strong> My daughter loved painting. My son Marcin used to make animals out of modeling clay. This is a true story about my daughter (in the photos below). When she was eight years old, after reading a story in a book, she decided to do the same as the main character.<\/p>\n\n<img decoding=\"async\" class=\"img-left\" src=\"https:\/\/nolimitstudio.art\/wp-content\/uploads\/2026\/03\/865b8672-cc18-4a4a-ac1a-3cf29550836a-1-1024x622.jpg\">\n\n<p>\nShe wanted to sell her paintings in the park and donate the money to an animal shelter. We went to the park together and displayed her artwork. There were twelve paintings. Within four hours, Kasia sold eight of them. I was truly amazed by her determination and kindness.\n<\/p>\n\n<img decoding=\"async\" class=\"img-right\" src=\"https:\/\/nolimitstudio.art\/wp-content\/uploads\/2026\/04\/36232865-9ec5-4039-a8e0-167174b56962-edited-1024x683.jpg\">\n\n<p>\nWith the money she earned, we bought food for dogs and delivered it to a local shelter. It was a special day \u2014 full of joy, pride, and kindness.\n<\/p>\n\n<p>\nThis story proves that children have an incredible ability to care and help others. All they need is inspiration.\n<\/p>\n\n<img decoding=\"async\" class=\"img-left\" src=\"https:\/\/nolimitstudio.art\/wp-content\/uploads\/2026\/04\/69367fe7-5734-4dae-a1a8-5cd69a1155c1-edited-1024x682.jpg\">\n\n<p>\nAt No Limits Studio, your child\u2019s artwork can be displayed in the \u201cGallery\u201d section, along with a chosen price. Anyone can purchase it by donating to those in need.\n<\/p>\n\n<p>\nProof of donation allows the buyer to collect the artwork from No Limits Studio. All available drawings can be viewed in the \u201cGallery\u201d section. In the photos: my daughter Kathy in the park with her gallery.\n<\/p>\n\n<\/div>\n\n<!-- LIGHTBOX -->\n<div class=\"lightbox\" id=\"lightbox\">\n    <span class=\"lb-close\">&times;<\/span>\n    <span class=\"lb-prev\">&#10094;<\/span>\n    <img decoding=\"async\" src=\"\" alt=\"\">\n    <span class=\"lb-next\">&#10095;<\/span>\n<\/div>\n\n<script>\ndocument.addEventListener(\"DOMContentLoaded\", function () {\n\n    const images = document.querySelectorAll(\".story img\");\n    const lightbox = document.getElementById(\"lightbox\");\n    const lightboxImg = lightbox.querySelector(\"img\");\n\n    let current = 0;\n    let gallery = [];\n\n    images.forEach((img, index) => {\n        gallery.push(img.src);\n\n        img.addEventListener(\"click\", () => {\n            current = index;\n            open();\n        });\n    });\n\n    function open() {\n        lightbox.style.display = \"flex\";\n        show();\n    }\n\n    function show() {\n        lightboxImg.src = gallery[current];\n    }\n\n    document.querySelector(\".lb-next\").onclick = () => {\n        current = (current + 1) % gallery.length;\n        show();\n    };\n\n    document.querySelector(\".lb-prev\").onclick = () => {\n        current = (current - 1 + gallery.length) % gallery.length;\n        show();\n    };\n\n    document.querySelector(\".lb-close\").onclick = close;\n\n    function close() {\n        lightbox.style.display = \"none\";\n    }\n\n    lightbox.addEventListener(\"click\", function (e) {\n        if (e.target === lightbox) close();\n    });\n\n});\n<\/script>\n","protected":false},"excerpt":{"rendered":"<p>A true story. My daughter loved painting. My son Marcin used to make animals out of modeling clay. This is a true story about my daughter (in the photos below). When she was eight years old, after reading a story in a book, she decided to do the same as the main character. She wanted [&hellip;]<\/p>\n","protected":false},"author":1,"featured_media":0,"parent":0,"menu_order":0,"comment_status":"closed","ping_status":"closed","template":"","meta":{"_kadence_starter_templates_imported_post":false,"footnotes":""},"class_list":["post-375","page","type-page","status-publish","hentry"],"_hostinger_reach_plugin_has_subscription_block":false,"_hostinger_reach_plugin_is_elementor":false,"_links":{"self":[{"href":"https:\/\/nolimitstudio.art\/pl\/wp-json\/wp\/v2\/pages\/375","targetHints":{"allow":["GET"]}}],"collection":[{"href":"https:\/\/nolimitstudio.art\/pl\/wp-json\/wp\/v2\/pages"}],"about":[{"href":"https:\/\/nolimitstudio.art\/pl\/wp-json\/wp\/v2\/types\/page"}],"author":[{"embeddable":true,"href":"https:\/\/nolimitstudio.art\/pl\/wp-json\/wp\/v2\/users\/1"}],"replies":[{"embeddable":true,"href":"https:\/\/nolimitstudio.art\/pl\/wp-json\/wp\/v2\/comments?post=375"}],"version-history":[{"count":32,"href":"https:\/\/nolimitstudio.art\/pl\/wp-json\/wp\/v2\/pages\/375\/revisions"}],"predecessor-version":[{"id":622,"href":"https:\/\/nolimitstudio.art\/pl\/wp-json\/wp\/v2\/pages\/375\/revisions\/622"}],"wp:attachment":[{"href":"https:\/\/nolimitstudio.art\/pl\/wp-json\/wp\/v2\/media?parent=375"}],"curies":[{"name":"wp","href":"https:\/\/api.w.org\/{rel}","templated":true}]}}