{"id":359,"date":"2026-04-11T16:28:55","date_gmt":"2026-04-11T16:28:55","guid":{"rendered":"https:\/\/nolimitstudio.art\/?page_id=359"},"modified":"2026-04-20T19:34:05","modified_gmt":"2026-04-20T19:34:05","slug":"our-story","status":"publish","type":"page","link":"https:\/\/nolimitstudio.art\/pl\/our-story\/","title":{"rendered":"NASZA HISTORIA"},"content":{"rendered":"<p>\ud83c\udf3f<strong>&nbsp;O studio<\/strong>&nbsp;<\/p>\n\n\n\n<p>No Limits Studio powsta\u0142o z potrzeby kreatywno\u015bci, kontaktu i rado\u015bci ze wsp\u00f3lnego bycia.&nbsp;<\/p>\n\n\n\n<p>Moja podr\u00f3\u017c zacz\u0119\u0142a si\u0119 od studi\u00f3w psychologicznych w Polsce i pracy jako certyfikowany hipoterapeuta \u2013 pomaga\u0142em ludziom poprzez interakcje z ko\u0144mi. Z biegiem lat blisko wsp\u00f3\u0142pracowa\u0142em z dzie\u0107mi i widzia\u0142em, jak pot\u0119\u017cna mo\u017ce by\u0107 kreatywno\u015b\u0107 i wolno\u015b\u0107 ekspresji.&nbsp;<\/p>\n\n\n\n<p>Moj\u0105 najwi\u0119ksz\u0105 inspiracj\u0105 byli jednak moje w\u0142asne dzieci. M\u00f3j syn Marcin, kt\u00f3ry tworzy\u0142 z gliny niesamowite rzeczy, i moja c\u00f3rka Kasia, kt\u00f3ra uwielbia\u0142a malowa\u0107. Pokazali mi, jak naturalna i wa\u017cna jest kreatywno\u015b\u0107 \u2013 bez oceniania, bez zasad, bez ogranicze\u0144.&nbsp;<\/p>\n\n\n\n<p>Tak narodzi\u0142o si\u0119 No Limits Studio \u2013 miejsce, w kt\u00f3rym zar\u00f3wno dzieci, jak i doro\u015bli mog\u0105 tworzy\u0107, rozwija\u0107 si\u0119 i sp\u0119dza\u0107 czas razem w swobodnej i przyjaznej atmosferze. Bez nauczyciela, bez presji \u2013 tylko rado\u015b\u0107, rozmowa i kolor.&nbsp;<\/p>\n\n\n\n<p>To przestrze\u0144 do nawi\u0105zywania kontakt\u00f3w, u\u015bmiechu i kreatywno\u015bci.&nbsp;<\/p>\n\n\n\n<p>\u201cKiedy \u015bmieje si\u0119 dziecko, \u015bmieje si\u0119 ca\u0142y \u015bwiat. <\/p>\n\n\n\n<figure class=\"wp-block-image size-large is-resized\"><img fetchpriority=\"high\" decoding=\"async\" width=\"1024\" height=\"683\" src=\"https:\/\/nolimitstudio.art\/wp-content\/uploads\/2026\/04\/e2a78000-9ff5-4c03-8dc4-d6b7549c8984-1024x683.jpg\" alt=\"\" class=\"wp-image-557\" style=\"aspect-ratio:1.4993109784106569;width:209px;height:auto\" srcset=\"https:\/\/nolimitstudio.art\/wp-content\/uploads\/2026\/04\/e2a78000-9ff5-4c03-8dc4-d6b7549c8984-1024x683.jpg 1024w, https:\/\/nolimitstudio.art\/wp-content\/uploads\/2026\/04\/e2a78000-9ff5-4c03-8dc4-d6b7549c8984-300x200.jpg 300w, https:\/\/nolimitstudio.art\/wp-content\/uploads\/2026\/04\/e2a78000-9ff5-4c03-8dc4-d6b7549c8984-768x512.jpg 768w, https:\/\/nolimitstudio.art\/wp-content\/uploads\/2026\/04\/e2a78000-9ff5-4c03-8dc4-d6b7549c8984.jpg 1536w\" sizes=\"(max-width: 1024px) 100vw, 1024px\" \/><\/figure>","protected":false},"excerpt":{"rendered":"<p>\ud83c\udf3f&nbsp;About the Studio&nbsp; No Limits Studio was created from a need for creativity, connection, and the joy of being together.&nbsp; My journey began with studying psychology in Poland and working as a licensed hippotherapist \u2014 helping people through interaction with horses. Over the years, I worked closely with children and saw how powerful creativity and [&hellip;]<\/p>\n","protected":false},"author":1,"featured_media":0,"parent":0,"menu_order":0,"comment_status":"closed","ping_status":"closed","template":"","meta":{"_kadence_starter_templates_imported_post":false,"footnotes":""},"class_list":["post-359","page","type-page","status-publish","hentry"],"_hostinger_reach_plugin_has_subscription_block":false,"_hostinger_reach_plugin_is_elementor":false,"_links":{"self":[{"href":"https:\/\/nolimitstudio.art\/pl\/wp-json\/wp\/v2\/pages\/359","targetHints":{"allow":["GET"]}}],"collection":[{"href":"https:\/\/nolimitstudio.art\/pl\/wp-json\/wp\/v2\/pages"}],"about":[{"href":"https:\/\/nolimitstudio.art\/pl\/wp-json\/wp\/v2\/types\/page"}],"author":[{"embeddable":true,"href":"https:\/\/nolimitstudio.art\/pl\/wp-json\/wp\/v2\/users\/1"}],"replies":[{"embeddable":true,"href":"https:\/\/nolimitstudio.art\/pl\/wp-json\/wp\/v2\/comments?post=359"}],"version-history":[{"count":11,"href":"https:\/\/nolimitstudio.art\/pl\/wp-json\/wp\/v2\/pages\/359\/revisions"}],"predecessor-version":[{"id":559,"href":"https:\/\/nolimitstudio.art\/pl\/wp-json\/wp\/v2\/pages\/359\/revisions\/559"}],"wp:attachment":[{"href":"https:\/\/nolimitstudio.art\/pl\/wp-json\/wp\/v2\/media?parent=359"}],"curies":[{"name":"wp","href":"https:\/\/api.w.org\/{rel}","templated":true}]}}